{"id":480,"date":"2025-01-07T15:09:52","date_gmt":"2025-01-07T15:09:52","guid":{"rendered":"http:\/\/www.reproteinall.com\/?page_id=480"},"modified":"2025-01-07T15:09:52","modified_gmt":"2025-01-07T15:09:52","slug":"legal-notice","status":"publish","type":"page","link":"https:\/\/www.reproteinall.com\/es\/legal-notice\/","title":{"rendered":"Legal notice"},"content":{"rendered":"<p>[et_pb_section fb_built=&#8221;1&#8243; theme_builder_area=&#8221;post_content&#8221; _builder_version=&#8221;4.27.4&#8243; _module_preset=&#8221;default&#8221;][et_pb_row _builder_version=&#8221;4.27.4&#8243; _module_preset=&#8221;default&#8221; theme_builder_area=&#8221;post_content&#8221;][et_pb_column _builder_version=&#8221;4.27.4&#8243; _module_preset=&#8221;default&#8221; type=&#8221;4_4&#8243; theme_builder_area=&#8221;post_content&#8221;][et_pb_text _builder_version=&#8221;4.27.4&#8243; _module_preset=&#8221;default&#8221; theme_builder_area=&#8221;post_content&#8221; hover_enabled=&#8221;0&#8243; sticky_enabled=&#8221;0&#8243;]<\/p>\n<h3>AVISO LEGAL<\/h3>\n<p>&nbsp;<\/p>\n<h4><strong>1. DATOS IDENTIFICATIVOS:<\/strong><\/h4>\n<p>En cumplimiento con el deber de informaci\u00f3n recogido en el art\u00edculo 10 de la Ley 34\/2002, de 11 de julio, de Servicios de la Sociedad de la Informaci\u00f3n y del Comercio Electr\u00f3nico, a continuaci\u00f3n se reflejan los siguientes datos: el titular del Sitio Web <strong>https:\/\/www.reproteinall.com\/<\/strong> (en adelante, el \"Sitio Web\") es <strong>ReProteinAll SL<\/strong>, con CIF <strong>B44713535<\/strong> y domicilio social en <strong>Ed. <\/strong><strong>Rectorado \u2013 Planta baja, Campus de Bizkaia, Sarriena s\/n, 48940 Leioa, Bizkaia, Spain<\/strong>. Correo electr\u00f3nico de contacto: <a href=\"mailto:icoluzza@reproteinall.com\"><strong>icoluzza@reproteinall.com<\/strong><\/a>.\u00a0<\/p>\n<h4><strong>2. USUARIOS:<\/strong><\/h4>\n<p>El acceso y\/o uso del Sitio Web atribuye la condici\u00f3n de USUARIO, que acepta, desde dicho acceso y\/o uso, las Condiciones Generales de Uso aqu\u00ed reflejadas. Las citadas Condiciones ser\u00e1n de aplicaci\u00f3n independientemente de las Condiciones Generales de Contrataci\u00f3n que, en su caso, resulten de obligado cumplimiento.<\/p>\n<h4><strong>3. USO DEL SITIO WEB:<\/strong><\/h4>\n<p>El Sitio Web proporciona el acceso a informaciones, servicios, programas o datos (en adelante, \"los contenidos\") en Internet pertenecientes a ReProteinAll SL o a sus licenciantes a los que el USUARIO pueda tener acceso. El USUARIO asume la responsabilidad del uso del Sitio Web. Dicha responsabilidad se extiende al registro que fuese necesario para acceder a determinados servicios o contenidos. En dicho registro, el USUARIO ser\u00e1 responsable de aportar informaci\u00f3n veraz y l\u00edcita. Como consecuencia de este registro, al USUARIO se le puede proporcionar una contrase\u00f1a de la que ser\u00e1 responsable, comprometi\u00e9ndose a hacer un uso diligente y confidencial de la misma.<\/p>\n<p>El USUARIO se compromete a hacer un uso adecuado de los contenidos y servicios que ReProteinAll SL ofrece a trav\u00e9s de su Sitio Web y, con car\u00e1cter enunciativo, pero no limitativo, a no emplearlos para:<\/p>\n<p>1. Incurrir en actividades il\u00edcitas, ilegales o contrarias a la buena fe y al orden p\u00fablico;<\/p>\n<p>2. Difundir contenidos o propaganda de car\u00e1cter racista, xen\u00f3fobo, pornogr\u00e1fico-ilegal, de apolog\u00eda del terrorismo o atentatorio contra los derechos humanos;<\/p>\n<p>3. Provocar da\u00f1os en los sistemas f\u00edsicos y l\u00f3gicos de ReProteinAll SL, de sus proveedores o de terceras personas, introducir o difundir virus inform\u00e1ticos o cualesquiera otros sistemas f\u00edsicos o l\u00f3gicos que sean susceptibles de provocar los da\u00f1os anteriormente mencionados;<\/p>\n<p>4. Intentar acceder y, en su caso, utilizar las cuentas de correo electr\u00f3nico de otros usuarios y modificar o manipular sus mensajes.<\/p>\n<p>ReProteinAll SL se reserva el derecho de retirar todos aquellos comentarios y aportaciones que vulneren el respeto a la dignidad de la persona, que sean discriminatorios, xen\u00f3fobos, racistas, pornogr\u00e1ficos, que atenten contra la juventud o la infancia, el orden o la seguridad p\u00fablica o que, a su juicio, no resultaran adecuados para su publicaci\u00f3n. En cualquier caso, ReProteinAll SL no ser\u00e1 responsable de las opiniones vertidas por los usuarios a trav\u00e9s de los foros, chats u otras herramientas de participaci\u00f3n.\u00a0<\/p>\n<h4><strong>4. PROPIEDAD INTELECTUAL E INDUSTRIAL:<\/strong><\/h4>\n<p>ReProteinAll SL es titular de todos los derechos de propiedad intelectual e industrial del Sitio Web, as\u00ed como de los elementos contenidos en el mismo (a t\u00edtulo enunciativo, im\u00e1genes, sonido, audio, v\u00eddeo, software o textos; marcas o logotipos, combinaciones de colores, estructura y dise\u00f1o, selecci\u00f3n de materiales usados, programas de ordenador necesarios para su funcionamiento, acceso y uso, etc.), titularidad de ReProteinAll SL o bien de sus licenciantes. Todos los derechos reservados.<\/p>\n<p>En virtud de lo dispuesto en los art\u00edculos 8 y 32.1, p\u00e1rrafo segundo, de la Ley de Propiedad Intelectual, quedan expresamente prohibidas la reproducci\u00f3n, la distribuci\u00f3n y la comunicaci\u00f3n p\u00fablica, incluida su modalidad de puesta a disposici\u00f3n, de la totalidad o parte de los contenidos del Sitio Web, con fines comerciales, en cualquier soporte y por cualquier medio t\u00e9cnico, sin la autorizaci\u00f3n de ReProteinAll SL.<\/p>\n<p>El USUARIO se compromete a respetar los derechos de Propiedad Intelectual e Industrial titularidad de ReProteinAll SL. Podr\u00e1 visualizar los elementos del Sitio Web e incluso imprimirlos, copiarlos y almacenarlos en el disco duro de su ordenador o en cualquier otro soporte f\u00edsico siempre y cuando sea, \u00fanica y exclusivamente, para su uso personal y privado. El USUARIO deber\u00e1 abstenerse de suprimir, alterar, eludir o manipular cualquier dispositivo de protecci\u00f3n o sistema de seguridad que estuviera instalado en las p\u00e1ginas de ReProteinAll SL.<\/p>\n<h4><strong>5. EXCLUSI\u00d3N DE GARANT\u00cdAS Y RESPONSABILIDAD:<\/strong><\/h4>\n<p>ReProteinAll SL no se hace responsable, en ning\u00fan caso, de los da\u00f1os y perjuicios de cualquier naturaleza que pudieran ocasionar, a t\u00edtulo enunciativo: errores u omisiones en los contenidos, falta de disponibilidad del Sitio Web o la transmisi\u00f3n de virus o programas maliciosos o lesivos en los contenidos, a pesar de haber adoptado todas las medidas tecnol\u00f3gicas necesarias para evitarlo.<\/p>\n<h4>6. <strong>6. MODIFICACIONES:<\/strong><\/h4>\n<p>ReProteinAll SL se reserva el derecho de efectuar sin previo aviso las modificaciones que considere oportunas en su Sitio Web, pudiendo cambiar, suprimir o a\u00f1adir tanto los contenidos y servicios que se presten a trav\u00e9s del mismo como la forma en la que \u00e9stos aparezcan presentados o localizados.<\/p>\n<h4><strong>7. ENLACES:<\/strong><\/h4>\n<p>En el caso de que el Sitio Web dispusiese enlaces o hiperv\u00ednculos hacia otros sitios de Internet, ReProteinAll SL no ejercer\u00e1 ning\u00fan tipo de control sobre dichos sitios y contenidos. En ning\u00fan caso ReProteinAll SL asumir\u00e1 responsabilidad alguna por los contenidos de alg\u00fan enlace perteneciente a un sitio web ajeno.<\/p>\n<h4><strong>8. DERECHO DE EXCLUSI\u00d3N:<\/strong><\/h4>\n<p>ReProteinAll SL se reserva el derecho a denegar o retirar el acceso al Sitio Web y\/o los servicios ofrecidos sin necesidad de preaviso, a instancia propia o de un tercero, a aquellos usuarios que incumplan las presentes Condiciones Generales de Uso.<\/p>\n<h4><strong>9. LEGISLACI\u00d3N APLICABLE Y JURISDICCI\u00d3N:<\/strong><\/h4>\n<p>La relaci\u00f3n entre ReProteinAll SL y el USUARIO se regir\u00e1 por la normativa espa\u00f1ola vigente y cualquier controversia se someter\u00e1 a los Juzgados y Tribunales de la ciudad de Bilbao, Bizkaia.<\/p>\n<p>&nbsp;<\/p>\n<p>[\/et_pb_text][\/et_pb_column][\/et_pb_row][\/et_pb_section]<\/p>","protected":false},"excerpt":{"rendered":"<p>LEGAL NOTICE &nbsp; 1. IDENTIFICATION DATA: In compliance with the duty of information established in Article 10 of Law 34\/2002, of July 11, on Information Society Services and Electronic Commerce, the following information is provided: the owner of the Website https:\/\/www.reproteinall.com\/ (hereinafter, the &#8220;Website&#8221;) is ReProteinAll SL, with Tax Identification Number (CIF) B44713535 and registered [&hellip;]<\/p>","protected":false},"author":2,"featured_media":0,"parent":0,"menu_order":0,"comment_status":"closed","ping_status":"closed","template":"","meta":{"_et_pb_use_builder":"on","_et_pb_old_content":"","_et_gb_content_width":"","inline_featured_image":false,"footnotes":""},"class_list":["post-480","page","type-page","status-publish","hentry"],"_links":{"self":[{"href":"https:\/\/www.reproteinall.com\/es\/wp-json\/wp\/v2\/pages\/480","targetHints":{"allow":["GET"]}}],"collection":[{"href":"https:\/\/www.reproteinall.com\/es\/wp-json\/wp\/v2\/pages"}],"about":[{"href":"https:\/\/www.reproteinall.com\/es\/wp-json\/wp\/v2\/types\/page"}],"author":[{"embeddable":true,"href":"https:\/\/www.reproteinall.com\/es\/wp-json\/wp\/v2\/users\/2"}],"replies":[{"embeddable":true,"href":"https:\/\/www.reproteinall.com\/es\/wp-json\/wp\/v2\/comments?post=480"}],"version-history":[{"count":2,"href":"https:\/\/www.reproteinall.com\/es\/wp-json\/wp\/v2\/pages\/480\/revisions"}],"predecessor-version":[{"id":482,"href":"https:\/\/www.reproteinall.com\/es\/wp-json\/wp\/v2\/pages\/480\/revisions\/482"}],"wp:attachment":[{"href":"https:\/\/www.reproteinall.com\/es\/wp-json\/wp\/v2\/media?parent=480"}],"curies":[{"name":"wp","href":"https:\/\/api.w.org\/{rel}","templated":true}]}}